{"id":1525,"date":"2023-08-24T17:43:34","date_gmt":"2023-08-24T17:43:34","guid":{"rendered":"https:\/\/tabrego.mx\/?page_id=1525"},"modified":"2023-08-24T18:02:28","modified_gmt":"2023-08-24T18:02:28","slug":"location","status":"publish","type":"page","link":"https:\/\/tabrego.mx\/index.php\/location\/","title":{"rendered":"Instalaciones"},"content":{"rendered":"<h6>Actualmente nuestras instalaciones se encuentran ubicadas en Carretera a Bernal, km 11.7 en el estado de Quer\u00e9taro.<\/h6>\n<h6><a href=\"https:\/\/tabrego.mx\/wp-content\/uploads\/2023\/08\/instalaciones_1.jpg\"><img loading=\"lazy\" decoding=\"async\" class=\"wp-image-1527 size-medium alignleft\" src=\"https:\/\/tabrego.mx\/wp-content\/uploads\/2023\/08\/instalaciones_1-300x220.jpg\" alt=\"\" width=\"300\" height=\"220\" srcset=\"https:\/\/tabrego.mx\/wp-content\/uploads\/2023\/08\/instalaciones_1-300x220.jpg 300w, https:\/\/tabrego.mx\/wp-content\/uploads\/2023\/08\/instalaciones_1.jpg 523w\" sizes=\"auto, (max-width: 300px) 100vw, 300px\" \/><\/a><\/h6>\n<h6>Contamos con:<\/h6>\n<ul>\n<li>\n<h5>Oficinas administrativas<\/h5>\n<\/li>\n<li>\n<h5>Patio de maniobras<\/h5>\n<\/li>\n<li>\n<h5>Taller mec\u00e1nico<\/h5>\n<\/li>\n<li>\n<h5>Almac\u00e9n de refacciones.<\/h5>\n<\/li>\n<li>\n<h5>\u00c1rea de lavado<\/h5>\n<\/li>\n<\/ul>\n<p>&nbsp;<\/p>\n<p>&nbsp;<\/p>\n","protected":false},"excerpt":{"rendered":"<p>Actualmente nuestras instalaciones se encuentran ubicadas en Carretera a Bernal, km 11.7 en el estado de Quer\u00e9taro. Contamos con: Oficinas administrativas Patio de maniobras Taller mec\u00e1nico Almac\u00e9n de refacciones. \u00c1rea &#8230;<\/p>\n","protected":false},"author":1,"featured_media":0,"parent":0,"menu_order":0,"comment_status":"closed","ping_status":"closed","template":"","meta":{"footnotes":""},"class_list":["post-1525","page","type-page","status-publish","hentry"],"_links":{"self":[{"href":"https:\/\/tabrego.mx\/index.php\/wp-json\/wp\/v2\/pages\/1525","targetHints":{"allow":["GET"]}}],"collection":[{"href":"https:\/\/tabrego.mx\/index.php\/wp-json\/wp\/v2\/pages"}],"about":[{"href":"https:\/\/tabrego.mx\/index.php\/wp-json\/wp\/v2\/types\/page"}],"author":[{"embeddable":true,"href":"https:\/\/tabrego.mx\/index.php\/wp-json\/wp\/v2\/users\/1"}],"replies":[{"embeddable":true,"href":"https:\/\/tabrego.mx\/index.php\/wp-json\/wp\/v2\/comments?post=1525"}],"version-history":[{"count":1,"href":"https:\/\/tabrego.mx\/index.php\/wp-json\/wp\/v2\/pages\/1525\/revisions"}],"predecessor-version":[{"id":1528,"href":"https:\/\/tabrego.mx\/index.php\/wp-json\/wp\/v2\/pages\/1525\/revisions\/1528"}],"wp:attachment":[{"href":"https:\/\/tabrego.mx\/index.php\/wp-json\/wp\/v2\/media?parent=1525"}],"curies":[{"name":"wp","href":"https:\/\/api.w.org\/{rel}","templated":true}]}}